{"id":69,"date":"2019-11-30T01:41:10","date_gmt":"2019-11-29T22:41:10","guid":{"rendered":"https:\/\/ligue-iteka.bi\/wordpress\/?page_id=69"},"modified":"2025-03-26T20:43:18","modified_gmt":"2025-03-26T19:43:18","slug":"rapport-thematique","status":"publish","type":"page","link":"https:\/\/agateka.bcmacburundi.com\/en\/index.php\/rapports\/rapport-thematique\/","title":{"rendered":"Rapports th\u00e9matiques et Enqu\u00eates"},"content":{"rendered":"<p>Lire ou t\u00e9l\u00e9charger le rapport : <a href=\"https:\/\/ligue-iteka.bi\/wp-content\/uploads\/2019\/08\/Kugicaniro-rapport-avril-juin-2019.pdf\">Ku gicaniro rapport des mois d&#8217;avril \u00e0 juin 2019<\/a><\/p>\n<p>Lire ou t\u00e9l\u00e9charger le rapport : <a href=\"https:\/\/ligue-iteka.bi\/wp-content\/uploads\/2019\/11\/Kugicaniro-rapport-juillet-septembre-2019.pdf\">Ku gicaniro rapport des mois de juillet \u00e0 septembre 2019<\/a><\/p>\n<p>Lire ou t\u00e9l\u00e9charger le rapport : <a href=\"https:\/\/ligue-iteka.bi\/wp-content\/uploads\/2020\/03\/Kugicaniro-rapport-octobre-decembre-2019.pdf\">Ku gicaniro rapport des mois d&#8217;octobre \u00e0 d\u00e9cembre 2019<\/a><\/p>\n<p>Lire ou t\u00e9l\u00e9charger le rapport : <a href=\"https:\/\/ligue-iteka.bi\/wp-content\/uploads\/2020\/05\/Kugicaniro-rapport-janvier-mars-2020.pdf\">Ku gicaniro rapport des mois de janvier \u00e0 mars 2020<\/a><\/p>\n","protected":false},"excerpt":{"rendered":"<p>Lire ou t\u00e9l\u00e9charger le rapport : Ku gicaniro rapport des mois d&#8217;avril \u00e0 juin 2019 Lire ou t\u00e9l\u00e9charger le rapport : Ku gicaniro rapport des mois de juillet \u00e0 septembre 2019 Lire ou t\u00e9l\u00e9charger le rapport : Ku gicaniro rapport <a class=\"more-link\" href=\"https:\/\/agateka.bcmacburundi.com\/en\/index.php\/rapports\/rapport-thematique\/\">Continue reading <span class=\"screen-reader-text\">  Rapports th\u00e9matiques et Enqu\u00eates<\/span><span class=\"meta-nav\">&rarr;<\/span><\/a><\/p>\n","protected":false},"author":1,"featured_media":0,"parent":20,"menu_order":0,"comment_status":"closed","ping_status":"closed","template":"","meta":{"footnotes":""},"class_list":["post-69","page","type-page","status-publish","hentry"],"_links":{"self":[{"href":"https:\/\/agateka.bcmacburundi.com\/en\/index.php\/wp-json\/wp\/v2\/pages\/69","targetHints":{"allow":["GET"]}}],"collection":[{"href":"https:\/\/agateka.bcmacburundi.com\/en\/index.php\/wp-json\/wp\/v2\/pages"}],"about":[{"href":"https:\/\/agateka.bcmacburundi.com\/en\/index.php\/wp-json\/wp\/v2\/types\/page"}],"author":[{"embeddable":true,"href":"https:\/\/agateka.bcmacburundi.com\/en\/index.php\/wp-json\/wp\/v2\/users\/1"}],"replies":[{"embeddable":true,"href":"https:\/\/agateka.bcmacburundi.com\/en\/index.php\/wp-json\/wp\/v2\/comments?post=69"}],"version-history":[{"count":12,"href":"https:\/\/agateka.bcmacburundi.com\/en\/index.php\/wp-json\/wp\/v2\/pages\/69\/revisions"}],"predecessor-version":[{"id":5964,"href":"https:\/\/agateka.bcmacburundi.com\/en\/index.php\/wp-json\/wp\/v2\/pages\/69\/revisions\/5964"}],"up":[{"embeddable":true,"href":"https:\/\/agateka.bcmacburundi.com\/en\/index.php\/wp-json\/wp\/v2\/pages\/20"}],"wp:attachment":[{"href":"https:\/\/agateka.bcmacburundi.com\/en\/index.php\/wp-json\/wp\/v2\/media?parent=69"}],"curies":[{"name":"wp","href":"https:\/\/api.w.org\/{rel}","templated":true}]}}