{"id":24,"date":"2017-12-12T20:19:02","date_gmt":"2017-12-12T20:19:02","guid":{"rendered":"https:\/\/ligue-iteka.bi\/wordpress\/?page_id=24"},"modified":"2025-02-23T10:51:12","modified_gmt":"2025-02-23T09:51:12","slug":"contacts-2","status":"publish","type":"page","link":"https:\/\/agateka.bcmacburundi.com\/en\/index.php\/contacts-2\/","title":{"rendered":"Contacts"},"content":{"rendered":"<ul>\n<li><strong>Charg\u00e9 de la communication ?<\/strong><\/li>\n<li><strong>Nom et\u00a0 pr\u00e9nom\u00a0 ?<\/strong><\/li>\n<li><strong>Num\u00e9ro de t\u00e9l\u00e9phone ?<\/strong><\/li>\n<li><strong>Formulaire de contact html :\u00a0<\/strong><\/li>\n<\/ul>\n<p>&nbsp;<\/p>\n<p>&nbsp;<\/p>\n","protected":false},"excerpt":{"rendered":"<p>Charg\u00e9 de la communication ? Nom et\u00a0 pr\u00e9nom\u00a0 ? Num\u00e9ro de t\u00e9l\u00e9phone ? Formulaire de contact html :\u00a0 &nbsp; &nbsp;<\/p>\n","protected":false},"author":1,"featured_media":0,"parent":0,"menu_order":0,"comment_status":"closed","ping_status":"closed","template":"","meta":{"footnotes":""},"class_list":["post-24","page","type-page","status-publish","hentry"],"_links":{"self":[{"href":"https:\/\/agateka.bcmacburundi.com\/en\/index.php\/wp-json\/wp\/v2\/pages\/24","targetHints":{"allow":["GET"]}}],"collection":[{"href":"https:\/\/agateka.bcmacburundi.com\/en\/index.php\/wp-json\/wp\/v2\/pages"}],"about":[{"href":"https:\/\/agateka.bcmacburundi.com\/en\/index.php\/wp-json\/wp\/v2\/types\/page"}],"author":[{"embeddable":true,"href":"https:\/\/agateka.bcmacburundi.com\/en\/index.php\/wp-json\/wp\/v2\/users\/1"}],"replies":[{"embeddable":true,"href":"https:\/\/agateka.bcmacburundi.com\/en\/index.php\/wp-json\/wp\/v2\/comments?post=24"}],"version-history":[{"count":7,"href":"https:\/\/agateka.bcmacburundi.com\/en\/index.php\/wp-json\/wp\/v2\/pages\/24\/revisions"}],"predecessor-version":[{"id":5940,"href":"https:\/\/agateka.bcmacburundi.com\/en\/index.php\/wp-json\/wp\/v2\/pages\/24\/revisions\/5940"}],"wp:attachment":[{"href":"https:\/\/agateka.bcmacburundi.com\/en\/index.php\/wp-json\/wp\/v2\/media?parent=24"}],"curies":[{"name":"wp","href":"https:\/\/api.w.org\/{rel}","templated":true}]}}